{"id":29,"date":"2017-05-09T22:11:55","date_gmt":"2017-05-09T20:11:55","guid":{"rendered":"http:\/\/paulvoth.de\/?page_id=29"},"modified":"2018-02-10T00:45:22","modified_gmt":"2018-02-09T23:45:22","slug":"buecher","status":"publish","type":"page","link":"https:\/\/paulvoth.de\/?page_id=29","title":{"rendered":"B\u00fccher und Kurzgeschichten"},"content":{"rendered":"<div class=\"su-row\"><div class=\"su-column su-column-size-1-3\"><div class=\"su-column-inner su-u-clearfix su-u-trim\"><img loading=\"lazy\" decoding=\"async\" src=\"https:\/\/paulvoth.de\/wp-content\/uploads\/2017\/05\/cover-website.jpg\" alt=\"\" width=\"235\" height=\"351\" class=\"alignnone size-full wp-image-33\" srcset=\"https:\/\/paulvoth.de\/wp-content\/uploads\/2017\/05\/cover-website.jpg 235w, https:\/\/paulvoth.de\/wp-content\/uploads\/2017\/05\/cover-website-201x300.jpg 201w\" sizes=\"auto, (max-width: 235px) 100vw, 235px\" \/><\/p>\n<span class=\"su-label su-label-type-info\"><a href=\"http:\/\/amzn.to\/2pBqo3V\" style=\"color:#fff;border-bottom:0;\">Bei Amazon Kaufen<\/a><\/span>\n<\/div><\/div>\n<div class=\"su-column su-column-size-2-3\"><div class=\"su-column-inner su-u-clearfix su-u-trim\"><div class=\"su-heading su-heading-style-default su-heading-align-center\" id=\"\" style=\"font-size:26px;margin-bottom:20px\"><div class=\"su-heading-inner\">90 Tage im Leben des Alex R<\/div><\/div>\n<p style=\"text-align: center;\">als Konstantin L\u00f6wen<\/p>\n<div class=\"su-expand su-expand-collapsed su-expand-link-style-default\" data-height=\"100\"><div class=\"su-expand-content su-u-trim\" style=\"color:#333333;max-height:100px;overflow:hidden\">Im Februar 2015 fand ich bei einem Spaziergang einen USB Stick. Neugierig sah ich zu Hause gleich nach, was drauf ist. Zun\u00e4chst die Entt\u00e4uschung: keine Fotos von nackten Ber\u00fchmtheiten oder geheime BND Akten. Nur ein elektronisches Tagebuch.<br \/>\nDoch nach und nach las ich es mir durch, Eintrag f\u00fcr Eintrag. Was wie ein normales Tagebuch beginnt, driftet immer tiefer in die psychischen Abgr\u00fcnde eines nach au\u00dfen normalen Mannes.<br \/>\nDie Polizei nimmt mich nicht ernst und glaubt, ich h\u00e4tte mir das alles selber ausgedacht. Und ich kann auch nicht belegen, dass das hier wirklich die Gedanken und Taten eines kranken Mannes sind. Die Entscheidung, ob es echt ist, \u00fcberlasse ich daher Ihnen, lieber Leser.<\/div><div class=\"su-expand-link su-expand-link-more\" style=\"text-align:left\"><a href=\"javascript:;\" style=\"color:#7a4b12;border-color:#7a4b12\"><i class=\"sui sui-chevron-down\" style=\"\" aria-label=\"\"><\/i><span style=\"border-color:#7a4b12\">Mehr Infos<\/span><\/a><\/div><div class=\"su-expand-link su-expand-link-less\" style=\"text-align:left\"><a href=\"javascript:;\" style=\"color:#7a4b12;border-color:#7a4b12\"><i class=\"sui sui-chevron-up\" style=\"\" aria-label=\"\"><\/i><span style=\"border-color:#7a4b12\">Weniger<\/span><\/a><\/div><\/div>\n<\/div><\/div><\/div>\n<div class=\"su-row\"><div class=\"su-column su-column-size-1-3\"><div class=\"su-column-inner su-u-clearfix su-u-trim\"><img loading=\"lazy\" decoding=\"async\" src=\"https:\/\/paulvoth.de\/wp-content\/uploads\/2017\/05\/cover-website-1.jpg\" alt=\"\" width=\"232\" height=\"347\" class=\"alignnone size-full wp-image-42\" srcset=\"https:\/\/paulvoth.de\/wp-content\/uploads\/2017\/05\/cover-website-1.jpg 232w, https:\/\/paulvoth.de\/wp-content\/uploads\/2017\/05\/cover-website-1-201x300.jpg 201w\" sizes=\"auto, (max-width: 232px) 100vw, 232px\" \/><\/p>\n<span class=\"su-label su-label-type-info\"><a href=\"http:\/\/amzn.to\/2qosQzG\" style=\"color:#fff;border-bottom:0;\">Bei Amazon Kaufen<\/a><\/span>\n<\/div><\/div>\n<div class=\"su-column su-column-size-2-3\"><div class=\"su-column-inner su-u-clearfix su-u-trim\"><div class=\"su-heading su-heading-style-default su-heading-align-center\" id=\"\" style=\"font-size:26px;margin-bottom:20px\"><div class=\"su-heading-inner\">Der Bunker<\/div><\/div>\n<div class=\"su-expand su-expand-collapsed su-expand-link-style-default\" data-height=\"100\"><div class=\"su-expand-content su-u-trim\" style=\"color:#333333;max-height:100px;overflow:hidden\">Ihr Name ist Josy und sie lebt mit Papa im Bunker, seit dem Atomangriff auf Deutschland. Doch sie wei\u00df nicht, dass au\u00dfer Papa und ihr ein gro\u00dfes Geheimnis mit eingezogen ist. Die Enth\u00fcllung dieses Geheimnisses wird Josys Leben, wieder, v\u00f6llig durcheinanderbringen.<\/div><div class=\"su-expand-link su-expand-link-more\" style=\"text-align:left\"><a href=\"javascript:;\" style=\"color:#7a4b12;border-color:#7a4b12\"><i class=\"sui sui-chevron-down\" style=\"\" aria-label=\"\"><\/i><span style=\"border-color:#7a4b12\">Mehr Infos<\/span><\/a><\/div><div class=\"su-expand-link su-expand-link-less\" style=\"text-align:left\"><a href=\"javascript:;\" style=\"color:#7a4b12;border-color:#7a4b12\"><i class=\"sui sui-chevron-up\" style=\"\" aria-label=\"\"><\/i><span style=\"border-color:#7a4b12\">Weniger<\/span><\/a><\/div><\/div>\n<\/div><\/div><\/div>\n<div class=\"su-row\"><div class=\"su-column su-column-size-1-3\"><div class=\"su-column-inner su-u-clearfix su-u-trim\"><a href=\"https:\/\/paulvoth.de\/wer-bin-ich\/\"><img loading=\"lazy\" decoding=\"async\" src=\"https:\/\/paulvoth.de\/wp-content\/uploads\/2018\/02\/werbinich.jpg\" alt=\"\" width=\"232\" height=\"347\" class=\"alignnone size-full wp-image-90\" srcset=\"https:\/\/paulvoth.de\/wp-content\/uploads\/2018\/02\/werbinich.jpg 232w, https:\/\/paulvoth.de\/wp-content\/uploads\/2018\/02\/werbinich-201x300.jpg 201w\" sizes=\"auto, (max-width: 232px) 100vw, 232px\" \/><\/a><\/p>\n<span class=\"su-label su-label-type-info\"><a href=\"https:\/\/paulvoth.de\/wer-bin-ich\/\" style=\"color:#fff;border-bottom:0;\">Kostenlos online lesen<\/a><\/span>\n<\/div><\/div>\n<div class=\"su-column su-column-size-2-3\"><div class=\"su-column-inner su-u-clearfix su-u-trim\"><div class=\"su-heading su-heading-style-default su-heading-align-center\" id=\"\" style=\"font-size:26px;margin-bottom:20px\"><div class=\"su-heading-inner\">Wer Bin Ich?<\/div><\/div>\n<div class=\"su-expand su-expand-collapsed su-expand-link-style-default\" data-height=\"100\"><div class=\"su-expand-content su-u-trim\" style=\"color:#333333;max-height:100px;overflow:hidden\">Kurz-kurzgeschichte \u00fcber eine Frau, die eines Tages aufwacht und nicht mehr wei\u00df, wer sie ist. F\u00fcr Besucher meiner Website kostenlos. Um &#8222;Wer Bin Ich?&#8220; zu lesen, <a href=\"https:\/\/paulvoth.de\/wer-bin-ich\/\">klicken Sie bitte hier<\/a>.<\/div><div class=\"su-expand-link su-expand-link-more\" style=\"text-align:left\"><a href=\"javascript:;\" style=\"color:#7a4b12;border-color:#7a4b12\"><i class=\"sui sui-chevron-down\" style=\"\" aria-label=\"\"><\/i><span style=\"border-color:#7a4b12\">Mehr Infos<\/span><\/a><\/div><div class=\"su-expand-link su-expand-link-less\" style=\"text-align:left\"><a href=\"javascript:;\" style=\"color:#7a4b12;border-color:#7a4b12\"><i class=\"sui sui-chevron-up\" style=\"\" aria-label=\"\"><\/i><span style=\"border-color:#7a4b12\">Weniger<\/span><\/a><\/div><\/div>\n<\/div><\/div><\/div>\n","protected":false},"excerpt":{"rendered":"","protected":false},"author":1,"featured_media":0,"parent":0,"menu_order":0,"comment_status":"closed","ping_status":"closed","template":"","meta":{"footnotes":""},"class_list":["post-29","page","type-page","status-publish","hentry","no-featured-image"],"_links":{"self":[{"href":"https:\/\/paulvoth.de\/index.php?rest_route=\/wp\/v2\/pages\/29","targetHints":{"allow":["GET"]}}],"collection":[{"href":"https:\/\/paulvoth.de\/index.php?rest_route=\/wp\/v2\/pages"}],"about":[{"href":"https:\/\/paulvoth.de\/index.php?rest_route=\/wp\/v2\/types\/page"}],"author":[{"embeddable":true,"href":"https:\/\/paulvoth.de\/index.php?rest_route=\/wp\/v2\/users\/1"}],"replies":[{"embeddable":true,"href":"https:\/\/paulvoth.de\/index.php?rest_route=%2Fwp%2Fv2%2Fcomments&post=29"}],"version-history":[{"count":10,"href":"https:\/\/paulvoth.de\/index.php?rest_route=\/wp\/v2\/pages\/29\/revisions"}],"predecessor-version":[{"id":92,"href":"https:\/\/paulvoth.de\/index.php?rest_route=\/wp\/v2\/pages\/29\/revisions\/92"}],"wp:attachment":[{"href":"https:\/\/paulvoth.de\/index.php?rest_route=%2Fwp%2Fv2%2Fmedia&parent=29"}],"curies":[{"name":"wp","href":"https:\/\/api.w.org\/{rel}","templated":true}]}}